{"id":4365,"date":"2015-07-23T11:58:35","date_gmt":"2015-07-23T09:58:35","guid":{"rendered":"http:\/\/www.itc.cnr.it\/?page_id=4365"},"modified":"2025-12-23T11:30:23","modified_gmt":"2025-12-23T11:30:23","slug":"dvt","status":"publish","type":"page","link":"https:\/\/test.itc.cnr.it\/wordpress\/certificazione-volontaria\/dvt\/","title":{"rendered":"DVT &#8211; Documento di Valutazione Tecnica"},"content":{"rendered":"<p>Il \u201cDVT\u201d, Documento di Valutazione Tecnica, ha lo scopo di facilitare l\u2019utilizzo corretto del prodotto da costruzione da parte di progettisti ed imprese, sulla base dei dati tecnici contenuti nel Documento, cos\u00ec come di indirizzare ottimali processi di progettazione, installazione, posa e manutenzione. Il DVT esprime un giudizio tecnico preventivo di qualit\u00e0 inerente all\u2019idoneit\u00e0 all\u2019utilizzo, in determinate condizioni, sulla base della considerazione di aspetti non coperti in regime obbligatorio. Il suo contenuto dipende dal Sistema di Attestazione della Conformit\u00e0 applicabile in regime obbligatorio. Si avvisa che tale servizio non \u00e8 pi\u00f9 erogato da parte di ITC e, pertanto, i DVT emessi saranno definitivamente ritirati alla data del loro termine di validit\u00e0 senza possibilit\u00e0 di rinnovo.<\/p>\n<p><a href=\"https:\/\/test.itc.cnr.it\/wordpress\/wp-content\/uploads\/2025\/12\/2025-12-22-ELENCO-COMPLETO-DVT-RILASCIATI-DA-ITC.pdf\">2025 12 22 ELENCO COMPLETO DVT RILASCIATI DA ITC<\/a><\/p>\n<p>La richiesta di copia di un DVT deve essere rivolta all\u2019Azienda proprietaria del documento e non a ITC-CNR<\/p>\n<hr \/>\n<p>&nbsp;<\/p>\n<p>The aim of the \u201cDVT\u201d, Technical Application Document, is to help designers and enterprises to use the construction product in the proper way, based on the technical data contained in the Document, as well as to steer optimal design, installation, application and maintenance processes. The DVT delivers a prior quality technical assessment of the fitness for use, under gven circumstances, based on the consideration of aspects that are not under a mandatory scheme. Its content depends, in general terms on the Attestation of Conformity System applicable under the mandatory scheme.<\/p>\n<p>Copies of DVTs can be requested to formazione&#8221; at &#8220;itc.cnr.it<\/p>\n<hr \/>\n<p>&nbsp;<\/p>\n<p>&nbsp;<\/p>\n","protected":false},"excerpt":{"rendered":"<p>Il \u201cDVT\u201d, Documento di Valutazione Tecnica, ha lo scopo di facilitare l\u2019utilizzo corretto del prodotto da costruzione da parte di progettisti ed imprese, sulla base dei dati tecnici contenuti nel Documento, cos\u00ec come di indirizzare ottimali processi di progettazione, installazione, posa e manutenzione. Il DVT esprime un giudizio tecnico preventivo di qualit\u00e0 inerente all\u2019idoneit\u00e0 all\u2019utilizzo, [&hellip;]<\/p>\n","protected":false},"author":2,"featured_media":0,"parent":3903,"menu_order":3,"comment_status":"open","ping_status":"open","template":"","meta":{"_acf_changed":false,"_uag_custom_page_level_css":"","footnotes":""},"class_list":["post-4365","page","type-page","status-publish","hentry"],"acf":[],"uagb_featured_image_src":{"full":false,"thumbnail":false,"medium":false,"medium_large":false,"large":false,"1536x1536":false,"2048x2048":false},"uagb_author_info":{"display_name":"webm","author_link":"https:\/\/test.itc.cnr.it\/wordpress\/author\/admin\/"},"uagb_comment_info":0,"uagb_excerpt":"Il \u201cDVT\u201d, Documento di Valutazione Tecnica, ha lo scopo di facilitare l\u2019utilizzo corretto del prodotto da costruzione da parte di progettisti ed imprese, sulla base dei dati tecnici contenuti nel Documento, cos\u00ec come di indirizzare ottimali processi di progettazione, installazione, posa e manutenzione. Il DVT esprime un giudizio tecnico preventivo di qualit\u00e0 inerente all\u2019idoneit\u00e0 all\u2019utilizzo,&hellip;","_links":{"self":[{"href":"https:\/\/test.itc.cnr.it\/wordpress\/wp-json\/wp\/v2\/pages\/4365","targetHints":{"allow":["GET"]}}],"collection":[{"href":"https:\/\/test.itc.cnr.it\/wordpress\/wp-json\/wp\/v2\/pages"}],"about":[{"href":"https:\/\/test.itc.cnr.it\/wordpress\/wp-json\/wp\/v2\/types\/page"}],"author":[{"embeddable":true,"href":"https:\/\/test.itc.cnr.it\/wordpress\/wp-json\/wp\/v2\/users\/2"}],"replies":[{"embeddable":true,"href":"https:\/\/test.itc.cnr.it\/wordpress\/wp-json\/wp\/v2\/comments?post=4365"}],"version-history":[{"count":4,"href":"https:\/\/test.itc.cnr.it\/wordpress\/wp-json\/wp\/v2\/pages\/4365\/revisions"}],"predecessor-version":[{"id":16589,"href":"https:\/\/test.itc.cnr.it\/wordpress\/wp-json\/wp\/v2\/pages\/4365\/revisions\/16589"}],"up":[{"embeddable":true,"href":"https:\/\/test.itc.cnr.it\/wordpress\/wp-json\/wp\/v2\/pages\/3903"}],"wp:attachment":[{"href":"https:\/\/test.itc.cnr.it\/wordpress\/wp-json\/wp\/v2\/media?parent=4365"}],"curies":[{"name":"wp","href":"https:\/\/api.w.org\/{rel}","templated":true}]}}