{"id":4363,"date":"2015-07-23T11:57:50","date_gmt":"2015-07-23T09:57:50","guid":{"rendered":"http:\/\/www.itc.cnr.it\/?page_id=4363"},"modified":"2025-10-23T06:29:55","modified_gmt":"2025-10-23T06:29:55","slug":"marchi-di-qualita","status":"publish","type":"page","link":"https:\/\/test.itc.cnr.it\/wordpress\/certificazione-volontaria\/marchi-di-qualita\/","title":{"rendered":"Marchi di Qualit\u00e0"},"content":{"rendered":"<p><strong>Marchio di qualit\u00e0 ITC-CNR per Armatura e per Adesivo\/Rasante con destinazione d\u2019uso ETICS<\/strong><\/p>\n<p style=\"text-align: justify;\">Le armature e gli adesivi destinati ad essere usati come componenti dei sistemi di isolamento termico esterno (External Thermal Insulation Composite System \u2013 ETICS) non hanno l\u2019obbligo di dimostrare la conformit\u00e0 a norme di prodotto, n\u00e9 armonizzate a livello europeo, n\u00e9 nazionali. Attraverso il Marchio di qualit\u00e0 per Armatura con destinazione d\u2019uso ETICS e il Marchio di qualit\u00e0 per Adesivo\/Rasante con destinazione d\u2019uso ETICS, ITC-CNR fornisce ai produttori di armature e di adesivi uno strumento di qualificazione, per dare al mercato informazioni controllate sulle caratteristiche e prestazioni di tali prodotti. E\u2019 uno strumento tecnico di natura volontaria che prevede l\u2019accertamento preventivo delle caratteristiche e delle prestazioni dei prodotti e soprattutto l\u2019attivazione di un sistema di sorveglianza continua sul prodotto stesso. In questo contesto ITC-CNR agisce in qualit\u00e0 di&#8221;Organismo di Certificazione&#8221; di parte terza in regime volontario e, per il medesimo scopo, opera anche quale&#8221;Organismo di Ispezione&#8221; e come &#8220;Organismo di prova&#8221;.<\/p>\n<p>&nbsp;<\/p>\n<p><a href=\"https:\/\/test.itc.cnr.it\/wordpress\/wp-content\/uploads\/2022\/04\/2022-04-28_ELENCO-marchi-RILASCIATI-DA-ITC-in-validita_ARMATURE.pdf\">ELENCO marchi RILASCIATI DA ITC in validit\u00e0_ARMATURE<\/a><\/p>\n<p><a href=\"https:\/\/test.itc.cnr.it\/wordpress\/wp-content\/uploads\/2022\/04\/2021-04-28_ELENCO-marchi-RILASCIATI-DA-ITC-in-validita_ADESIVI.pdf\">ELENCO marchi RILASCIATI DA ITC in validit\u00e0_ADESIVI<\/a><\/p>\n<p><a href=\"https:\/\/test.itc.cnr.it\/wordpress\/wp-content\/uploads\/2022\/04\/2022-04-28_ELENCO-marchi-RILASCIATI-DA-ITC-in-validita_GEOGRIGLIE.pdf\">ELENCO marchi RILASCIATI DA ITC in validit\u00e0_GEOGRIGLIE<\/a><\/p>\n<p>&nbsp;<\/p>\n<hr \/>\n<p><strong>ITC-CNR Quality Mark for Reinforcements and Adhesives\/Base Coats intended to be used in ETICS<\/strong><\/p>\n<p>Reinforcements and adhesives intended to be used as components of External Thermal Insulation Composite Systems \u2013 ETICS are not required to demonstrate compliance to product standards, whether national or harmonised at European or national level.<br \/>\nThe Quality Mark awarded by ITC-CNR for Reinforcements intended to be used in ETICS and the Quality Mark for Adhesives\/Base Coats intended to be used in ETICS provides manufacturers of reinforcements and adhesives with a qualification tool in order to provide the market with reliable and verified information about the features and performances of such products. It is a voluntary technical tool involving a prior verification of the features and performances of the products and, above all, the start-up of a system of continuous surveillance of the product.<br \/>\nIn this context, ITC-CNR acts as third-party \u201cCertification Body\u201d on a voluntary basis and, for the same purpose, it also acts as \u201cInspection Body\u201d and \u201cTesting Body\u201d.<\/p>\n<p><a href=\"\/wp-content\/uploads\/2019\/02\/2019-02-05-ELENCO-marchi-RILASCIATI-DA-ITC-in-validita\u0300.pdf\">List of Quality Marks for Reinforcements<\/a><\/p>\n<p><a href=\"https:\/\/test.itc.cnr.it\/wordpress\/wp-content\/uploads\/2015\/07\/Elenco-Marchi-per-Adesivi-Rasanti.pdf\">List of Quality Marks for Adhesives\/Base Coats<\/a><\/p>\n","protected":false},"excerpt":{"rendered":"<p>Marchio di qualit\u00e0 ITC-CNR per Armatura e per Adesivo\/Rasante con destinazione d\u2019uso ETICS Le armature e gli adesivi destinati ad essere usati come componenti dei sistemi di isolamento termico esterno (External Thermal Insulation Composite System \u2013 ETICS) non hanno l\u2019obbligo di dimostrare la conformit\u00e0 a norme di prodotto, n\u00e9 armonizzate a livello europeo, n\u00e9 nazionali. [&hellip;]<\/p>\n","protected":false},"author":2,"featured_media":0,"parent":3903,"menu_order":2,"comment_status":"open","ping_status":"open","template":"","meta":{"_acf_changed":false,"_uag_custom_page_level_css":"","footnotes":""},"class_list":["post-4363","page","type-page","status-publish","hentry"],"acf":[],"uagb_featured_image_src":{"full":false,"thumbnail":false,"medium":false,"medium_large":false,"large":false,"1536x1536":false,"2048x2048":false},"uagb_author_info":{"display_name":"webm","author_link":"https:\/\/test.itc.cnr.it\/wordpress\/author\/admin\/"},"uagb_comment_info":0,"uagb_excerpt":"Marchio di qualit\u00e0 ITC-CNR per Armatura e per Adesivo\/Rasante con destinazione d\u2019uso ETICS Le armature e gli adesivi destinati ad essere usati come componenti dei sistemi di isolamento termico esterno (External Thermal Insulation Composite System \u2013 ETICS) non hanno l\u2019obbligo di dimostrare la conformit\u00e0 a norme di prodotto, n\u00e9 armonizzate a livello europeo, n\u00e9 nazionali.&hellip;","_links":{"self":[{"href":"https:\/\/test.itc.cnr.it\/wordpress\/wp-json\/wp\/v2\/pages\/4363","targetHints":{"allow":["GET"]}}],"collection":[{"href":"https:\/\/test.itc.cnr.it\/wordpress\/wp-json\/wp\/v2\/pages"}],"about":[{"href":"https:\/\/test.itc.cnr.it\/wordpress\/wp-json\/wp\/v2\/types\/page"}],"author":[{"embeddable":true,"href":"https:\/\/test.itc.cnr.it\/wordpress\/wp-json\/wp\/v2\/users\/2"}],"replies":[{"embeddable":true,"href":"https:\/\/test.itc.cnr.it\/wordpress\/wp-json\/wp\/v2\/comments?post=4363"}],"version-history":[{"count":1,"href":"https:\/\/test.itc.cnr.it\/wordpress\/wp-json\/wp\/v2\/pages\/4363\/revisions"}],"predecessor-version":[{"id":16126,"href":"https:\/\/test.itc.cnr.it\/wordpress\/wp-json\/wp\/v2\/pages\/4363\/revisions\/16126"}],"up":[{"embeddable":true,"href":"https:\/\/test.itc.cnr.it\/wordpress\/wp-json\/wp\/v2\/pages\/3903"}],"wp:attachment":[{"href":"https:\/\/test.itc.cnr.it\/wordpress\/wp-json\/wp\/v2\/media?parent=4363"}],"curies":[{"name":"wp","href":"https:\/\/api.w.org\/{rel}","templated":true}]}}