{"id":3901,"date":"2015-05-18T12:15:44","date_gmt":"2015-05-18T10:15:44","guid":{"rendered":"http:\/\/www.itc.cnr.it\/\/?page_id=3901"},"modified":"2025-10-23T06:38:30","modified_gmt":"2025-10-23T06:38:30","slug":"certificazione-obbligatoria","status":"publish","type":"page","link":"https:\/\/test.itc.cnr.it\/wordpress\/certificazione-obbligatoria\/","title":{"rendered":"Certificazione Obbligatoria"},"content":{"rendered":"<p><em>\u201cQuando un prodotto da costruzione rientra nell\u2019ambito di applicazione di una norma armonizzata o \u00e8 conforme a una valutazione tecnica europea rilasciata per il prodotto in questione, il fabbricante redige una dichiarazione di prestazione all\u2019atto dell\u2019immissione di tale prodotto sul mercato\u201d (art. 4 CPR).<\/em><\/p>\n<p><em><br \/>\n\u201cLa marcatura CE \u00e8 apposta solo sui prodotti da costruzione per i quali il fabbricante ha redatto una dichiarazione di prestazione conformemente agli articoli 4 e 6\u201d(CPR)<\/em><\/p>\n<p><em><br \/>\nIn riferimento alle due tappe fondamentali del processo verso la marcatura CE, le prove di tipo (TT) e il controllo del processo di fabbrica (FPC), i Sistemi di Valutazione e Verifica della Costanza di Prestazione stabiliscono la responsabilit\u00e0 dei compiti tra il Fabbricante e l\u2019Organismo Notificato, ai fini della redazione, da parte del Fabbricante, della Dichiarazione della prestazione (DOP) delle caratteristiche essenziali del prodotto da costruzione.<br \/>\nGli organismi notificati svolgono compiti di parte terza conformemente a tali sistemi di valutazione.<\/em><\/p>\n<p><em><br \/>\nITC \u00e8 Organismo di Certificazione del Prodotto, di Certificazione del controllo della produzione e Laboratorio di Prova, Notificato ai sensi del Regolamento 305\/11 sulla base di specifiche notifiche ricevute ai sensi dell&#8217;art.39 del REGOLAMENTO (UE) N. 305\/2011, per valutare e verificare la costanza della prestazione secondo norme EN armonizzate ed European Assessment Document &#8220;EAD&#8221; per vari prodotti o famiglie di prodotti da costruzione. <\/em><\/p>\n<p><em>La Commissione Europea, ai sensi dell\u2019art. 40 del Regolamento 305\/11, ha assegnato all\u2019Organismo Notificato ITC-CNR il <strong>numero unico di identificazione n.0970<\/strong>. Tale numero \u00e8 utilizzato dalla stessa Commissione per identificare l\u2019Organismo ITC all\u2019interno del sistema informativo NANDO (New Approach Notified and Designated Organisations). <\/em><\/p>\n<p><em>In base all\u2019art.49 del medesimo regolamento, la Commissione \u00e8 tenuta a rendere pubblico l&#8217;elenco degli organismi notificati ai sensi, comprensivo dei numeri di identificazione loro assegnati e le attivit\u00e0 per le quali sono stati notificati. <\/em><\/p>\n<p><em>La valutazione e il conferimento della notifica agli Organismi da autorizzare per svolgere compiti di parte terza nel processo di valutazione e verifica della costanza della prestazione \u00e8 eseguita da parte delle Autorit\u00e0 Notificanti, cos\u00ec come definite all\u2019art. 40 del 305\/2011. <\/em><\/p>\n<p><em>In Italia, lo Stato Membro ha designato, tramite pubblicazione dell\u2019art. 10 del d.lgs. 106\/2017, quale Autorit\u00e0 Notificante, il Ministero dello sviluppo economico, oggi <strong>Ministero delle Imprese e del Made in Italy (MIMIT)<\/strong>. Qualora l\u2019istanza di un Organismo Notificato riguardi prodotti per i quali risultino anche i requisiti base per le opere n. 1 o 2, cos\u00ec come definiti dal CPR, l\u2019istanza ed i relativi allegati sono anche presentati, rispettivamente, al Consiglio superiore dei lavori pubblici, presso il Ministero delle infrastrutture e dei trasporti, e al Ministero dell\u2019interno.<\/em><\/p>\n<p><em>Il Decreto d\u2019autorizzazione in forza sulla base del quale ITC-CNR \u00e8 autorizzato ad effettuare l\u2019attivit\u00e0 di certificazione ai sensi del Regolamento UE 305\/2011 \u00e8 il Decreto\u00a0 \u201c<strong>DCPREV.REGISTRO UFFICIALE.U.0017823 del 08 novembre 2024<\/strong>\u201d.<\/em><\/p>\n<p><em>Per maggiori informazioni sulle attivit\u00e0 per le quali ITC \u00e8 attualmente notificato, si visiti il web della Commissione Europea:<\/em><\/p>\n<p><a href=\"https:\/\/webgate.ec.europa.eu\/single-market-compliance-space\/notified-bodies\/free-search?filter=notificationStatusId:1,bodyNumber:0970\"><em>https:\/\/webgate.ec.europa.eu\/single-market-compliance-space\/notified-bodies\/free-search?filter=notificationStatusId:1,bodyNumber:0970<\/em><\/a><\/p>\n<p><em>oppure l\u2019Elenco dei Decreti di Autorizzazione conferiti ad ITC al link:<\/em><\/p>\n<p><a href=\"http:\/\/registro.itc.cnr.it\/decreti.php\"><em>registro.itc.cnr.it\/decreti.php<\/em><\/a><\/p>\n<p><em>\u00a0<\/em><\/p>\n<p><em>L&#8217;ITC-CNR, inoltre, \u00e8 <strong>accreditato <\/strong>dall\u2019Ente Unico di Accreditamento Italiano ACCREDIA, secondo le norme internazionali UNI CEI EN\/ISO\/IEC 17065:2012 e ISO\/IEC 17025, che attestano rispettivamente la competenza per la certificazione di prodotti, processi e servizi, e la competenza tecnica dei laboratori di prova e taratura. <\/em><\/p>\n<p><em>L\u2019accreditamento garantisce che l&#8217;ITC-CNR operi con imparzialit\u00e0, competenza e trasparenza nelle sue attivit\u00e0 di certificazione e prova, fornendo fiducia ai fabbricanti e agli operatori del settore delle costruzioni.<\/em><\/p>\n<p><em>Per consultare il <strong>certificato n. 01854 di Accreditamento secondo lo standard UNI CEI EN\/ISO\/IEC 17065<\/strong> e l\u2019elenco delle norme EN armonizzate ed European Assessment Document &#8220;EAD&#8221; per cui ITC-CNR \u00e8 accreditato quale Organismo di certificazione a scopo di notifica, si consulti il database dell\u2019 ente di accreditamento italiano\u00a0 ACCREDIA al seguente link:<\/em><\/p>\n<p><a href=\"https:\/\/services.accredia.it\/ppsearch\/accredia_orgmask.jsp?ID_LINK=1733&amp;area=310&amp;PPSEARCH_ORG_SEARCH_MASK_ORG=4631&amp;PPSEARCH_ORG_SEARCH_MASK_STANDARDS=&amp;PPSEARCH_ORG_SEARCH_MASK_SCHEMI_ALTRI_STD=&amp;PPSEARCH_ODC_SEARCH_MASK_SETTORE_ACCR=&amp;PPSEARCH_ORG_SEARCH_MASK_CITTA=&amp;PPSEARCH_ORG_SEARCH_MASK_PROVINCIA=&amp;PPSEARCH_ORG_SEARCH_MASK_REGIONE=&amp;PPSEARCH_ORG_SEARCH_MASK_STATO=&amp;PPSEARCH_ORG_SEARCH_MASK_SCOPO=&amp;PPSEARCH_ORG_SEARCH_MASK_PDFACCREDITAMENTO=&amp;submitBtn=Cerca\"><em>services.accredia.it<\/em><\/a><em>\u00a0<\/em><\/p>\n<p><em>Per consultare il <strong>certificato di Accreditamento n. 01854 secondo lo standard\u00a0 UNI CEI EN ISO\/IEC 17025:2018 <\/strong>e l\u2019elenco delle prove\u00a0 per cui ITC-CNR \u00e8 accreditato quale Laboratorio, si consulti il database dell\u2019 ente di accreditamento italiano\u00a0 ACCREDIA al seguente link:<\/em><\/p>\n<p><a href=\"https:\/\/services.accredia.it\/accredia_labsearch.jsp?ID_LINK=1734&amp;area=310&amp;dipartimento=L&amp;desc=Laboratori&amp;\"><em>https:\/\/services.accredia.it\/accredia_labsearch.jsp?ID_LINK=1734&amp;area=310&amp;dipartimento=L&amp;desc=Laboratori&amp;<\/em><\/a><\/p>\n<p><em><br \/>\n<a href=\"https:\/\/&quot;https:\/\/ec.europa.eu\/growth\/tools-databases\/nando\/index.cfm?fuseaction=notifiedbody.notifiedbody&amp;refe_cd=EPOS%5F44469\"><strong>Per conoscere le notifiche di ITC-CNR<\/strong><\/a><\/em><\/p>\n<hr \/>\n<p><strong><em>English<br \/>\n<\/em><\/strong><br \/>\n<em>\u201cWhen a construction product is covered by a harmonised standard or conforms to a European Technical Assessment which has been issued for it, the manufacturer shall draw up a declaration of performance when such a product is placed on the market\u201d (Art. 4 CPR)<\/em><\/p>\n<p><em>\u201cThe CE marking is affixed only to the construction products for which the manufacturer has drawn up his Declaration of Performance in accordance with articles 4 and 6\u201d (CPR).<\/em><\/p>\n<p><em>In the context of the two fundamental stages of the process towards the CE marking, that is, the Type Tests (TT) and the Factory Production Control (FPC), the systems of Assessment and Verification of Constancy of Performance set out the responsibility for the tasks between the Manufacturer and the Notified Body, for the purpose of drawing up, by the Manufacturer, of the Declaration of Performance (DoP) of the essential characteristics of the construction product.<\/em><\/p>\n<p><em>Notified Bodies perform third-party tasks in accordance with these assessment systems.<\/em><br \/>\n<em> ITC is a Product Certification Body, Factory Production Control Certification Body and Laboratory, Notified pursuant to Regulation 305\/11.<\/em><\/p>\n<p>&nbsp;<\/p>\n<p><a href=\"https:\/\/ec.europa.eu\/growth\/tools-databases\/nando\/index.cfm?fuseaction=notifiedbody.notifiedbody&amp;refe_cd=EPOS%5F44469\"><em><strong>Follow the link for ITC-CNR notifications.<\/strong><\/em><\/a><\/p>\n<p>&nbsp;<\/p>\n","protected":false},"excerpt":{"rendered":"<p>\u201cQuando un prodotto da costruzione rientra nell\u2019ambito di applicazione di una norma armonizzata o \u00e8 conforme a una valutazione tecnica europea rilasciata per il prodotto in questione, il fabbricante redige una dichiarazione di prestazione all\u2019atto dell\u2019immissione di tale prodotto sul mercato\u201d (art. 4 CPR). \u201cLa marcatura CE \u00e8 apposta solo sui prodotti da costruzione per [&hellip;]<\/p>\n","protected":false},"author":2,"featured_media":0,"parent":0,"menu_order":1,"comment_status":"open","ping_status":"open","template":"","meta":{"_acf_changed":false,"_uag_custom_page_level_css":"","footnotes":""},"class_list":["post-3901","page","type-page","status-publish","hentry"],"acf":[],"uagb_featured_image_src":{"full":false,"thumbnail":false,"medium":false,"medium_large":false,"large":false,"1536x1536":false,"2048x2048":false},"uagb_author_info":{"display_name":"webm","author_link":"https:\/\/test.itc.cnr.it\/wordpress\/author\/admin\/"},"uagb_comment_info":0,"uagb_excerpt":"\u201cQuando un prodotto da costruzione rientra nell\u2019ambito di applicazione di una norma armonizzata o \u00e8 conforme a una valutazione tecnica europea rilasciata per il prodotto in questione, il fabbricante redige una dichiarazione di prestazione all\u2019atto dell\u2019immissione di tale prodotto sul mercato\u201d (art. 4 CPR). \u201cLa marcatura CE \u00e8 apposta solo sui prodotti da costruzione per&hellip;","_links":{"self":[{"href":"https:\/\/test.itc.cnr.it\/wordpress\/wp-json\/wp\/v2\/pages\/3901","targetHints":{"allow":["GET"]}}],"collection":[{"href":"https:\/\/test.itc.cnr.it\/wordpress\/wp-json\/wp\/v2\/pages"}],"about":[{"href":"https:\/\/test.itc.cnr.it\/wordpress\/wp-json\/wp\/v2\/types\/page"}],"author":[{"embeddable":true,"href":"https:\/\/test.itc.cnr.it\/wordpress\/wp-json\/wp\/v2\/users\/2"}],"replies":[{"embeddable":true,"href":"https:\/\/test.itc.cnr.it\/wordpress\/wp-json\/wp\/v2\/comments?post=3901"}],"version-history":[{"count":7,"href":"https:\/\/test.itc.cnr.it\/wordpress\/wp-json\/wp\/v2\/pages\/3901\/revisions"}],"predecessor-version":[{"id":16134,"href":"https:\/\/test.itc.cnr.it\/wordpress\/wp-json\/wp\/v2\/pages\/3901\/revisions\/16134"}],"wp:attachment":[{"href":"https:\/\/test.itc.cnr.it\/wordpress\/wp-json\/wp\/v2\/media?parent=3901"}],"curies":[{"name":"wp","href":"https:\/\/api.w.org\/{rel}","templated":true}]}}