{"id":15593,"date":"2025-09-26T11:44:26","date_gmt":"2025-09-26T11:44:26","guid":{"rendered":"https:\/\/test.itc.cnr.it\/W1\/?page_id=15593"},"modified":"2025-10-17T09:17:18","modified_gmt":"2025-10-17T09:17:18","slug":"istituto-2","status":"publish","type":"page","link":"https:\/\/test.itc.cnr.it\/wordpress\/istituto-2\/","title":{"rendered":"Istituto"},"content":{"rendered":"\n<figure class=\"wp-block-video\"><video height=\"1080\" style=\"aspect-ratio: 1920 \/ 1080;\" width=\"1920\" controls src=\"https:\/\/test.itc.cnr.it\/wordpress\/wp-content\/uploads\/2025\/10\/Video-WhatsApp-2025-07-06-ore-19.30.51_e25370a2.mp4\"><\/video><\/figure>\n\n\n\n<p>L&#8217;Istituto per le Tecnologie della Costruzione (ITC) \u00e8 una comunit\u00e0 scientifica che conta quasi 100 colleghe e colleghi CNR che, insieme ai ricercatori associati, borsisti, dottorandi e collaboratori diventano circa 150, con una variet\u00e0 di conoscenze scientifiche, abilit\u00e0 tecniche e capacit\u00e0 amministrative straordinarie che rendono ITC estremamente competitivo nel panorama della ricerca nazionale e internazionale sulle costruzioni e sull&#8217;ambiente costruito. L&#8217;approccio multi-scalare spazia dalla costruzione al territorio e le poliedriche competenze presenti coprono ampi settori dell&#8217;ingegneria civile e dell&#8217;architettura, nonch\u00e9 dell&#8217;ingegneria industriale, configurando ITC come istituto di ricerca politecnica sull&#8217;ambiente costruito. La transizione ecologica giusta (equa e solidale) \u00e8 una sfida complessa per l&#8217;industria delle costruzioni che \u00e8 fortemente impattante sull&#8217;equilibrio ambientale e pu\u00f2 essere affrontata efficacemente solo attraverso un approccio multi-scalare. L&#8217;azione sul processo edilizio &#8211; dalla progettazione ai prodotti, dall&#8217;esecuzione al recupero\/riuso degli scarti &#8211; dovr\u00e0 essere accompagnata da una visione urbana che consideri l&#8217;edificio come parte di un sistema complesso, dinamico e aperto a cui applicare nuovi modelli di economia circolare. Se la digitalizzazione ormai avanzata sta trasformando gli edifici e le citt\u00e0 (nel funzionamento e nella forma), l&#8217;intelligenza artificiale sar\u00e0 determinante nel ripensamento e nella riorganizzazione del sistema urbano e dei subsistemi alla scala edilizia, grazie alle opportunit\u00e0 di monitoraggio e gestione consentite dai digital twins e big data. La citt\u00e0 contemporanea \u00e8 il luogo della crisi, dove maggiori sono gli impatti sociali e le sfide emergono in tutta la loro complessit\u00e0. Per affrontare queste sfide sar\u00e0 necessario coniugare la dimensione tecnica e la dimensione umanistica, l&#8217;ingegneria e l&#8217;architettura, l&#8217;informatica e l&#8217;urbanistica, per realizzare citt\u00e0 pi\u00f9 belle, vivibili e sicure.<\/p>\n\n\n\n<p>L&#8217;ITC ha sede istituzionale a San Giuliano Milanese e sedi secondarie a Bari, L&#8217;Aquila, Napoli e Padova.<br>Nell&#8217;ambito degli istituti del CNR, l&#8217;ITC \u00e8 collocato nella prima fascia e afferisce al Dipartimento di Ingegneria, ICT e Tecnologie per l&#8217;Energia e i Trasporti.<br>La lettura dei settori ERC intercettati dalla mission dell&#8217;Istituto permette di evidenziarne la vocazione multi e trans-disciplinare. Di seguito si riportano i principali:<br>&#8211; PE8 PRODUCTS AND PROCESSES ENGINEERING (Product and process design, chemical, civil, environmental, mechanical, vehicle engineering, energy processes and relevant computational methods):<br>&#8212; PE8_3 Civil engineering, architecture, offshore construction, lightweight construction, geotechnics;<br>&#8212; PE8_9 Production technology, process engineering.<br>&#8211; SH5 CULTURES AND CULTURAL PRODUCTION (Literary studies, cultural studies, study of the arts, philosophy):<br>&#8212; SH5_8 Cultural studies, cultural identities and memories, cultural heritage.<br>&#8211; SH7 HUMAN MOBILITY, ENVIRONMENT, AND SPACE (Human geography, demography, health, sustainability science, territorial planning, spatial analysis):<br>&#8212; SH7_7 Cities; urban, regional and rural studies;<br>&#8212; SH7_10 GIS, spatial analysis; big data in geographical studies;<br>&#8212; SH7_9 Energy, transportation and mobility.<\/p>\n\n\n\n<p class=\"has-text-align-center\"><br><a href=\"https:\/\/test.itc.cnr.it\/wordpress\/wp-content\/uploads\/2025\/09\/CNR_ITC_BROCHURE_ISTITUTO.pdf\"><strong>BROCHURE ISTITUTO<\/strong><\/a><\/p>\n\n\n\n<div style=\"height:100px\" aria-hidden=\"true\" class=\"wp-block-spacer\"><\/div>\n","protected":false},"excerpt":{"rendered":"<p>L&#8217;Istituto per le Tecnologie della Costruzione (ITC) \u00e8 una comunit\u00e0 scientifica che conta quasi 100 colleghe e colleghi CNR che, insieme ai ricercatori associati, borsisti, dottorandi e collaboratori diventano circa 150, con una variet\u00e0 di conoscenze scientifiche, abilit\u00e0 tecniche e capacit\u00e0 amministrative straordinarie che rendono ITC estremamente competitivo nel panorama della ricerca nazionale e internazionale [&hellip;]<\/p>\n","protected":false},"author":2,"featured_media":0,"parent":0,"menu_order":0,"comment_status":"closed","ping_status":"closed","template":"","meta":{"_acf_changed":false,"_uag_custom_page_level_css":"","footnotes":""},"class_list":["post-15593","page","type-page","status-publish","hentry"],"acf":[],"uagb_featured_image_src":{"full":false,"thumbnail":false,"medium":false,"medium_large":false,"large":false,"1536x1536":false,"2048x2048":false},"uagb_author_info":{"display_name":"webm","author_link":"https:\/\/test.itc.cnr.it\/wordpress\/author\/admin\/"},"uagb_comment_info":0,"uagb_excerpt":"L&#8217;Istituto per le Tecnologie della Costruzione (ITC) \u00e8 una comunit\u00e0 scientifica che conta quasi 100 colleghe e colleghi CNR che, insieme ai ricercatori associati, borsisti, dottorandi e collaboratori diventano circa 150, con una variet\u00e0 di conoscenze scientifiche, abilit\u00e0 tecniche e capacit\u00e0 amministrative straordinarie che rendono ITC estremamente competitivo nel panorama della ricerca nazionale e internazionale&hellip;","_links":{"self":[{"href":"https:\/\/test.itc.cnr.it\/wordpress\/wp-json\/wp\/v2\/pages\/15593","targetHints":{"allow":["GET"]}}],"collection":[{"href":"https:\/\/test.itc.cnr.it\/wordpress\/wp-json\/wp\/v2\/pages"}],"about":[{"href":"https:\/\/test.itc.cnr.it\/wordpress\/wp-json\/wp\/v2\/types\/page"}],"author":[{"embeddable":true,"href":"https:\/\/test.itc.cnr.it\/wordpress\/wp-json\/wp\/v2\/users\/2"}],"replies":[{"embeddable":true,"href":"https:\/\/test.itc.cnr.it\/wordpress\/wp-json\/wp\/v2\/comments?post=15593"}],"version-history":[{"count":12,"href":"https:\/\/test.itc.cnr.it\/wordpress\/wp-json\/wp\/v2\/pages\/15593\/revisions"}],"predecessor-version":[{"id":15990,"href":"https:\/\/test.itc.cnr.it\/wordpress\/wp-json\/wp\/v2\/pages\/15593\/revisions\/15990"}],"wp:attachment":[{"href":"https:\/\/test.itc.cnr.it\/wordpress\/wp-json\/wp\/v2\/media?parent=15593"}],"curies":[{"name":"wp","href":"https:\/\/api.w.org\/{rel}","templated":true}]}}